{"id":261,"date":"2017-03-18T09:36:33","date_gmt":"2017-03-18T09:36:33","guid":{"rendered":"http:\/\/molis-consulting.de\/?page_id=261"},"modified":"2017-04-10T12:54:54","modified_gmt":"2017-04-10T12:54:54","slug":"agb-impressum","status":"publish","type":"page","link":"https:\/\/molis-consulting.de\/en\/agb-impressum\/","title":{"rendered":"AGB &#038; Impressum"},"content":{"rendered":"<div class=\"wpb-content-wrapper\">[vc_row inner_container=&#8221;true&#8221; padding_top=&#8221;0px&#8221; padding_bottom=&#8221;0px&#8221; parallax=&#8221;true&#8221; bg_video=&#8221;&#8221; class=&#8221;&#8221; style=&#8221;&#8221; bg_color=&#8221;#ffffff&#8221;][vc_column fade_animation_offset=&#8221;45px&#8221; width=&#8221;1\/1&#8243;]<hr  class=\"x-gap\" style=\"margin: 30px 0 0 0;\"><h2  class=\"h-custom-headline h-responsive h1\" ><span>Allgemeine Grundlagen von MOLIS Consulting f\u00fcr alle Beratungsleistungen<\/span><\/h2><hr  class=\"x-hr line-light\" ><hr  class=\"x-gap\" style=\"margin: 30px 0 0 0;\"><p><strong>1) Vertragsgegenstand\/Leistungen<\/strong><br \/>\nGegenstand jedes Beratungsauftrages der Unternehmensberatung MOLIS Consulting sind die vereinbarten Beratungs-, Trainings- oder operativen T\u00e4tigkeiten. Die Unternehmensberatung erbringt dar\u00fcber hinaus keine verbindlich steuerlichen oder juristischen Beratungen. Soweit nicht ausdr\u00fccklich anders vereinbart darf sich die Unternehmensberatung zur ad\u00e4quaten Bedienung eines Beratungsauftrages weiterer Subauftragnehmer bedienen, wobei sie dem Auftraggeber unmittelbar vertraglich verpflichtet bleiben.<\/p>\n<p><strong>2) Verg\u00fctungen\/Reisekosten\/sonstige Aufwendungen<\/strong><br \/>\nIst kein individueller Projektvertrag vereinbart, so gilt folgende Preisliste:<br \/>\nTages\u00e4tze (10h Tag) zzgl. USt:<br \/>\nCEO \/ Senior Berater: 1.600,&#8211; \u20ac<br \/>\nProjektleiter: 1.400,&#8211; \u20ac<br \/>\nBerater: 1.200,&#8211; \u20ac<br \/>\nJunior Berater: 900,&#8211; \u20ac<br \/>\nBack Office: 600,&#8211; \u20ac<br \/>\nDar\u00fcber hinaus k\u00f6nnen auch pauschale Honorare vereinbart werden. Diese M\u00f6glichkeit bietet MOLIS Consulting bei einer l\u00e4ngerfristigen Zusammenarbeit (in der Regel ab 100 Tagen) an.<br \/>\nDas Honorar ist binnen sieben Tagen ab Rechnungsstellung ohne Abzug f\u00e4llig.<br \/>\nMOLIS Consulting beh\u00e4lt es sich vor, in Absprache mit dem Auftraggeber mehrere Berater bei einem Beratungsprojekt einzusetzen. In diesem Falle wird auch der entsprechende Verg\u00fctungssatz f\u00fcr den Auftraggeber f\u00e4llig.<br \/>\nReisekosten werden in der tats\u00e4chlich entstandenen H\u00f6he f\u00e4llig. Bei Fahrten mit dem PKW werden Reisekosten pro gefahrenen Kilometer abgerechnet. MOLIS Consulting beh\u00e4lt sich vor, die jeweils vorteilhafteste Wahl des Reisemittels (PKW, Bahn, Flugzeug) zu treffen. Kosten f\u00fcr Unterkunft werden in der tats\u00e4chlich angefallenen H\u00f6he berechnet. Weitere Spesen entstehen dem Auftraggeber nicht.<br \/>\nSonstige Aufwendungen werden f\u00fcr den Auftragnehmer nicht f\u00e4llig, es sei denn sie wurden vorab schriftlich vereinbart.<\/p>\n<p><strong>3) Vertragsdauer\/K\u00fcndigung<\/strong><br \/>\nMOLIS Consulting schlie\u00dft Beratungsvertr\u00e4ge mit unterschiedlichen Laufzeiten ab. Grunds\u00e4tzlich kommt es dabei auf die individuelle Situation und die Bed\u00fcrfnisse des Auftraggebers an.<br \/>\nDie K\u00fcndigung kann grunds\u00e4tzlich von beiden Seiten mit einer Frist von vier Kalenderwochen schriftlich, per Mail, Fax oder Brief ausgesprochen werden. Das beiderseitige Recht zur ggf. vorzeitigen, au\u00dferordentlichen K\u00fcndigung bleibt unber\u00fchrt.<br \/>\nIm Falle einer pauschalen Honorarvereinbarung sind die vier Kalenderwochen anteilig, gemessen am vereinbarten monatlichen oder Gesamthonorar, unabh\u00e4ngig von der tats\u00e4chlichen T\u00e4tigkeit der Unternehmensberatung in diesen vier Kalenderwochen, f\u00e4llig.<br \/>\nIm Falle der st\u00fcndlichen Verg\u00fctung sind nur die tats\u00e4chlich von der Unternehmensberatung geleisteten Zeiteinheiten, Abrechnung in \u00bd Stundentakt, f\u00e4llig.<br \/>\nWerden vereinbarte Beratungstermine mit einer Frist von zwei Wochen vor Beginn vom Kunden abgesagt, fallen f\u00fcr den Auftraggeber lediglich die tats\u00e4chlichen Stornogeb\u00fchren f\u00fcr evtl. gebuchte Reisemittel (Flug, Bahnkarten, \u00dcbernachtungen) an.<br \/>\nBei einer Absage mit einer Frist von weniger als zwei Wochen und bis zu zwei Werktagen fallen neben den Stornogeb\u00fchren f\u00fcr Reisekosten, Aufwandskosten in H\u00f6he von 15% der vereinbarten Leistung dieses Termins an. Bei einer Absage der Vor-Ort-Termine am Vortag oder am Beratungstag fallen 100 % der vereinbarten Leistung an.<\/p>\n<p><strong>4) Dienstort\/Dienstzeit<\/strong><br \/>\nDer Kunde bestimmt den Dienstort. Der Auftraggeber muss der Unternehmensberatung die anfallenden Reisekosten erstatten. Ob eine \u00dcbernachtung bei einer Entfernung von mehr als 200 Kilometer Entfernung zum Dienstort anf\u00e4llt, bleibt der Unternehmensberatung \u00fcberlassen.<br \/>\nDie jeweilige Dienstzeit bzw. Erreichbarkeit wird grunds\u00e4tzlich einvernehmlich zwischen dem Auftraggeber und der Unternehmensberatung vereinbart, sofern es sich um Termine im Hause des Auftraggebers handelt, oder externe Termine mit diesem zusammen wahrgenommen werden, oder andere zeitlich gebundene Termine wahrgenommen werden sollen.<\/p>\n<p><strong>5) Mitwirkung des Auftraggebers<\/strong><br \/>\nDer Auftraggeber verpflichtet sich, alle ben\u00f6tigten Unterlagen, Dokumente, Daten und Informationen rechtzeitig und in korrekter, verwertbarer Form zur Verf\u00fcgung zu stellen.<br \/>\nAlle relevanten \u00c4nderungen sind der Unternehmensberatung unverz\u00fcglich mitzuteilen. Es finden regelm\u00e4\u00dfige Gespr\u00e4che \u00fcber die aktuellen Entwicklungen und den aktuellen Stand der T\u00e4tigkeiten der Unternehmensberatung statt.<br \/>\nDie Unternehmensberatung MOLIS Consulting erbringt alle Leistungen mit der gr\u00f6\u00dftm\u00f6glichen Sorgfalt, nach bestem Wissen und Gewissen und stets auf die individuelle Situation um die Bed\u00fcrfnisse des Auftraggebers, gemessen an den zur Verf\u00fcgung gestellten Daten und Informationen, abgestimmt.<\/p>\n<p><strong>6) Haftung<\/strong><br \/>\nNachbesserungs- und sonstige Gew\u00e4hrleistungsanspr\u00fcche aus dem Kauf- &amp; Werksvertragsrecht gegen\u00fcber der Unternehmensberatung bestehen nur, wenn der Auftraggeber den Mangel unverz\u00fcglich nach Kenntnisnahme schriftlich spezifiziert und ger\u00fcgt hat. Als M\u00e4ngelbeseitigung kann der Auftraggeber zun\u00e4chst die kostenlose Nachbesserung verlangen. Die Unternehmensberatung hat einen Mangel insbesondere dann nicht zu vertreten, wenn der Mangel auf der vom Auftraggeber formulierten Aufgabenstellung selbst, einer unzureichenden Mitwirkung des Auftraggebers (siehe Punkt 5), oder falschen, unwahren, oder unzureichenden Informationen, oder Daten beruht.<br \/>\nIst ein Beratungsauftrag in mehrere Abschnitte unterteilt, so erh\u00e4lt der Auftraggeber je nach Arbeitsfortschritt Protokolle. Sie dienen als Information \u00fcber den jeweiligen Projektstand. F\u00fchren sie nicht zu einer unverz\u00fcglichen und begr\u00fcndeten Beanstandung, so gelten die Unterlagen als Interpretationshilfe f\u00fcr eine sp\u00e4tere Beurteilung des Vertragsgegenstandes im Hinblick auf seine Mangelfreiheit.<br \/>\nDer Auftraggeber stellt die Unternehmensberatung schon jetzt von jeder Haftung frei, die unmittelbar oder mittelbar im Au\u00dfen- oder Innenverh\u00e4ltnis aus deren Entscheidungen und Empfehlungen entstehen k\u00f6nnen, es sei denn, diese werden durch grobe Fahrl\u00e4ssigkeit der Unternehmensberatung verursacht. Die Nachweispflicht liegt hierbei auf Seiten des Auftraggebers. In einem solchen Falle ist die Haftung der Unternehmensberatung auf den nachweisbaren Schaden, maximal jedoch auf 20.000 Euro pro Schadensfall begrenzt.<\/p>\n<p><strong>7) Leistungsverzug<\/strong><br \/>\nDie Unternehmensberatung ger\u00e4t mit ihren Leistungen nur in Verzug, wenn bestimmte Fertigstellungstermine als Fixtermine schriftlich vereinbart wurden und der Auftraggeber den Verzug nicht, z. B. aufgrund unzureichender Mitwirkung des Auftraggebers, oder falschen, unwahren oder unzureichenden Informationen oder Daten, selbst verschuldet. Kein Leistungsverzug entsteht ferner durch den unvorhergesehenen Ausfall des entsprechenden eingesetzten Beraters oder durch h\u00f6here Gewalt.<\/p>\n<p><strong>8) Schutz geistigen Eigentums<\/strong><br \/>\nDer Auftraggeber ist befugt, soweit nicht anders vereinbart, die Inhalte und Ergebnisse eines Beratungsauftrages selber frei zu nutzen, Dritten unter Nennung der Unternehmensberatung zur Verf\u00fcgung zu stellen, oder, unter Nennung und Zustimmung der Unternehmensberatung, schriftlich zu ver\u00f6ffentlichen.<br \/>\nWeitergehende Nutzungsrechte werden jedoch ausdr\u00fccklich nicht \u00fcbertragen. Der Auftraggeber ist insbesondere nicht berechtigt, die Inhalte oder Ergebnisse zu ver\u00e4ndern und sie ganz oder teilweise im Internet oder einem anderen Medium zu ver\u00f6ffentlichen.<br \/>\nDie Unternehmensberatung ist befugt, die Inhalte und Ergebnisse eines Beratungsauftrages, oder Teile davon, in anonymisierter Form in jedwedem Medium zu ver\u00f6ffentlichen oder weiter zu verwenden. Dabei d\u00fcrfen keine R\u00fcckschl\u00fcsse auf den Auftraggeber, ein Unternehmen, juristische Person, oder andere nat\u00fcrliche Personen gezogen werden k\u00f6nnen, es sei denn, dem wurde vorab durch den Betroffenen zugestimmt.<br \/>\nSoweit Ergebnisse urheberrechtsf\u00e4hig sind, bleibt die Unternehmensberatung der Urheber.<\/p>\n<p><strong>9) Verschwiegenheit<\/strong><br \/>\nSowohl f\u00fcr den Auftraggeber als auch f\u00fcr die Unternehmensberatung gilt absolute Verschwiegenheit auch \u00fcber das Ende eines Beratungsauftrages hinaus, es sei denn, es wurde vorab schriftlich der Verzicht auf die Verschwiegenheit vereinbart. Die Weitergabe von Daten an Dritte ohne vorherige Zustimmung entweder des Auftraggebers oder der Unternehmensberatung ist nicht gestattet.<br \/>\nM\u00fcndliche Nebenabreden sind nicht getroffen.<\/p>\n<p><strong>10) Salvatorische Klausel<\/strong><br \/>\nSollte ein Punkt dieser Richtlinien unwirksam sein, so bleibt der \u00fcbrige Teil des Vertrages wirksam. An die Stelle der unwirksamen Bestimmung tritt r\u00fcckwirkend eine inhaltlich m\u00f6glichst gleiche Regelung, die dem Zweck der gewollten Regelung am n\u00e4chsten kommt.<br \/>\nGerichtsstand ist Berlin. F\u00fcr die vertraglichen Beziehungen gilt deutsches Recht.<\/p>\n<p>MOLIS Consulting, Berlin, Stand: Juli 2008<\/p>\n<hr id=\"impressum\" class=\"x-gap\" style=\"margin: 30px 0 0 0;\"><hr  class=\"x-gap\" style=\"margin: 30px 0 0 0;\"><h2  class=\"h-custom-headline h-responsive h1\" ><span>Impressum<\/span><\/h2><hr  class=\"x-hr line-light\" ><hr  class=\"x-gap\" style=\"margin: 30px 0 0 0;\"><p><strong>Inhaltlich verantwortlich gem\u00e4\u00df \u00a7 5 TMG:<\/strong><\/p>\n<p>Carsten Molis<br \/>\nFriedbergstra\u00dfe 47<br \/>\n14057 Berlin<br \/>\nTelefon: +49 (030) 326091999<br \/>\nFax: +49 (030) 326091998<br \/>\nE-Mail: <a href=\"mailto:info@molis-consulting.de\">info@molis-consulting.de<\/a><br \/>\nwww.molis-consulting.de<br \/>\nUSt-Id.-Nr.: DE 54713690925<\/p>\n<p><strong>Webdesign\/Animationen: <a href=\"http:\/\/www.op-media.com\" target=\"_blank\">op media &#8211; oliver plath media design<\/a><\/strong><\/p>\n<p><strong>Musik\u00a0Composer: Alexandr Litovchenko\u00a0<a href=\"http:\/\/www.pond5.com\/\" target=\"_blank\">www.pond5.com<\/a>\u00a0Item ID: 67401826<\/strong><\/p>\n<p><strong>Haftungsausschluss:<\/strong><\/p>\n<p>Haftung f\u00fcr Links<\/p>\n<p>Diese Website enth\u00e4lt Links zu externen Webseiten Dritter, auf deren Inhalte ich keinen Einfluss habe. Deshalb kann ich f\u00fcr diese fremden Inhalte auch keine Gew\u00e4hr \u00fcbernehmen. F\u00fcr die Inhalte der verlinkten Seiten ist stets der jeweilige Anbieter oder Betreiber der Seiten verantwortlich. Die verlinkten Seiten wurden zum Zeitpunkt der Verlinkung auf m\u00f6gliche Rechtsverst\u00f6\u00dfe \u00fcberpr\u00fcft. Rechtswidrige Inhalte waren zum Zeitpunkt der Verlinkung nicht erkennbar. Eine permanente inhaltliche Kontrolle der verlinkten Seiten ist jedoch ohne konkrete Anhaltspunkte einer Rechtsverletzung nicht zumutbar. Bei Bekanntwerden von Rechtsverletzungen werde ich derartige Links umgehend entfernen.<\/p>\n<p>Diese Website benutzt Google Analytics, einen Webanalysedienst der Google Inc. (\u201eGoogle\u201c). Google Analytics verwendet sog. \u201eCookies\u201c, Textdateien, die auf Ihrem Computer gespeichert werden und die eine Analyse der Benutzung der Website durch Sie erm\u00f6glichen. Die durch den Cookie erzeugten Informationen \u00fcber Ihre Benutzung dieser Website (einschlie\u00dflich Ihrer IP-Adresse, die jedoch vor dem Speichern mit der Methode _anonymizeIp() anonymisiert wird, so dass sie nicht mehr einem Anschluss zugeordnet werden kann) wird an einen Server von Google in den USA \u00fcbertragen und dort gespeichert. Google wird diese Informationen benutzen, um Ihre Nutzung der Website auszuwerten, um Reports \u00fcber die Websiteaktivit\u00e4ten f\u00fcr die Websitebetreiber zusammenzustellen und um weitere mit der Websitenutzung und der Internetnutzung verbundene Dienstleistungen zu erbringen. Auch wird Google diese Informationen gegebenenfalls an Dritte \u00fcbertragen, sofern dies gesetzlich vorgeschrieben oder soweit Dritte diese Daten im Auftrag von Google verarbeiten. Google wird in keinem Fall Ihre IP-Adresse mit anderen Daten von Google in Verbindung bringen. Sie k\u00f6nnen die Installation der Cookies durch eine entsprechende Einstellung Ihrer Browser-Software verhindern; wir weisen Sie jedoch darauf hin, dass Sie in diesem Fall gegebenenfalls nicht s\u00e4mtliche Funktionen dieser Website vollumf\u00e4nglich nutzen k\u00f6nnen. Durch die Nutzung dieser Website erkl\u00e4ren Sie sich mit der Bearbeitung der \u00fcber Sie erhobenen Daten durch Google in der zuvor beschriebenen Art und Weise und zu dem zuvor benannten Zweck einverstanden.<\/p>\n<p>Sie k\u00f6nnen der Erhebung der Daten durch Google-Analytics mit Wirkung f\u00fcr die Zukunft widersprechen, indem sie ein Deaktivierungs-Add-on (http:\/\/tools.google.com\/dlpage\/gaoptout?hl=de) f\u00fcr Ihren Browser installieren.<\/p>\n<hr  class=\"x-gap\" style=\"margin: 120px 0 0 0;\"><span id=\"x-responsive-text-1\" data-x-element-responsive-text=\"{&quot;selector&quot;:&quot;.h-responsive&quot;,&quot;compression&quot;:&quot;1.5&quot;,&quot;minFontSize&quot;:&quot;20px&quot;,&quot;maxFontSize&quot;:&quot;40px&quot;}\"><\/span>[\/vc_column][\/vc_row]\n<\/div>","protected":false},"excerpt":{"rendered":"<p>[vc_row inner_container=&#8221;true&#8221; padding_top=&#8221;0px&#8221; padding_bottom=&#8221;0px&#8221; parallax=&#8221;true&#8221; bg_video=&#8221;&#8221; class=&#8221;&#8221; style=&#8221;&#8221; bg_color=&#8221;#ffffff&#8221;][vc_column fade_animation_offset=&#8221;45px&#8221; width=&#8221;1\/1&#8243;][\/vc_column][\/vc_row]<\/p>\n","protected":false},"author":1,"featured_media":0,"parent":0,"menu_order":0,"comment_status":"closed","ping_status":"closed","template":"template-blank-4.php","meta":{"footnotes":""},"class_list":["post-261","page","type-page","status-publish","hentry","no-post-thumbnail"],"_links":{"self":[{"href":"https:\/\/molis-consulting.de\/en\/wp-json\/wp\/v2\/pages\/261","targetHints":{"allow":["GET"]}}],"collection":[{"href":"https:\/\/molis-consulting.de\/en\/wp-json\/wp\/v2\/pages"}],"about":[{"href":"https:\/\/molis-consulting.de\/en\/wp-json\/wp\/v2\/types\/page"}],"author":[{"embeddable":true,"href":"https:\/\/molis-consulting.de\/en\/wp-json\/wp\/v2\/users\/1"}],"replies":[{"embeddable":true,"href":"https:\/\/molis-consulting.de\/en\/wp-json\/wp\/v2\/comments?post=261"}],"version-history":[{"count":29,"href":"https:\/\/molis-consulting.de\/en\/wp-json\/wp\/v2\/pages\/261\/revisions"}],"predecessor-version":[{"id":925,"href":"https:\/\/molis-consulting.de\/en\/wp-json\/wp\/v2\/pages\/261\/revisions\/925"}],"wp:attachment":[{"href":"https:\/\/molis-consulting.de\/en\/wp-json\/wp\/v2\/media?parent=261"}],"curies":[{"name":"wp","href":"https:\/\/api.w.org\/{rel}","templated":true}]}}